{"id":958,"date":"2020-06-20T11:46:51","date_gmt":"2020-06-20T11:46:51","guid":{"rendered":"http:\/\/www.gneist.org\/sommerkarusellen\/?page_id=958"},"modified":"2025-07-29T10:31:36","modified_gmt":"2025-07-29T10:31:36","slug":"loypen","status":"publish","type":"page","link":"https:\/\/www.gneist.org\/sommerkarusellen\/loypen\/","title":{"rendered":"L\u00f8ypen"},"content":{"rendered":"<body>\n<figure class=\"wp-block-image size-large\"><a href=\"https:\/\/i0.wp.com\/www.gneist.org\/sommerkarusellen\/wp-content\/uploads\/2025\/07\/Head-Energy-Sommerkarusell-2025-ny-loype-ver-1.0.jpg?ssl=1\"><img data-recalc-dims=\"1\" decoding=\"async\" width=\"595\" height=\"335\" src=\"https:\/\/i0.wp.com\/www.gneist.org\/sommerkarusellen\/wp-content\/uploads\/2025\/07\/Head-Energy-Sommerkarusell-2025-ny-loype-ver-1.0-1024x576.jpg?resize=595%2C335&#038;ssl=1\" alt=\"\" class=\"wp-image-1523\" loading=\"lazy\" srcset=\"https:\/\/i0.wp.com\/www.gneist.org\/sommerkarusellen\/wp-content\/uploads\/2025\/07\/Head-Energy-Sommerkarusell-2025-ny-loype-ver-1.0.jpg?resize=1024%2C576&amp;ssl=1 1024w, https:\/\/i0.wp.com\/www.gneist.org\/sommerkarusellen\/wp-content\/uploads\/2025\/07\/Head-Energy-Sommerkarusell-2025-ny-loype-ver-1.0.jpg?resize=300%2C169&amp;ssl=1 300w, https:\/\/i0.wp.com\/www.gneist.org\/sommerkarusellen\/wp-content\/uploads\/2025\/07\/Head-Energy-Sommerkarusell-2025-ny-loype-ver-1.0.jpg?resize=768%2C432&amp;ssl=1 768w, https:\/\/i0.wp.com\/www.gneist.org\/sommerkarusellen\/wp-content\/uploads\/2025\/07\/Head-Energy-Sommerkarusell-2025-ny-loype-ver-1.0.jpg?w=1280&amp;ssl=1 1280w, https:\/\/i0.wp.com\/www.gneist.org\/sommerkarusellen\/wp-content\/uploads\/2025\/07\/Head-Energy-Sommerkarusell-2025-ny-loype-ver-1.0.jpg?w=1190 1190w\" sizes=\"auto, (max-width: 595px) 100vw, 595px\" \/><\/a><\/figure>\n\n\n\n<p class=\"has-text-align-center\"><strong>L\u00f8ypekart.<\/strong><br>Ved utl\u00f8p benyttes hvit l\u00f8ype, innl\u00f8p bl\u00e5 l\u00f8ype.<br>Start p\u00e5 Fana Stadion ved 100m starten. Vending 5 km blir p\u00e5 h\u00f8yde med Biltema Sandsli, vending 10 km rett f\u00f8r rundkj\u00f8ring innkj\u00f8rsel til Plantasjen Birkeland.<br><br>Vi h\u00e5per f\u00e5 l\u00f8ypen sertifisert f\u00f8r l\u00f8pet 4. august. <\/p>\n\n\n\n<p><\/p>\n<\/body>","protected":false},"excerpt":{"rendered":"<p>L\u00f8ypekart.Ved utl\u00f8p benyttes hvit l\u00f8ype, innl\u00f8p bl\u00e5 l\u00f8ype.Start p\u00e5 Fana Stadion ved 100m starten. Vending 5 km blir p\u00e5 h\u00f8yde med Biltema Sandsli, vending 10 km rett f\u00f8r rundkj\u00f8ring innkj\u00f8rsel til Plantasjen Birkeland.Vi h\u00e5per f\u00e5 l\u00f8ypen sertifisert f\u00f8r l\u00f8pet 4. august.<\/p>\n","protected":false},"author":1,"featured_media":0,"parent":0,"menu_order":0,"comment_status":"closed","ping_status":"closed","template":"","meta":{"footnotes":""},"class_list":["post-958","page","type-page","status-publish","hentry"],"jetpack_sharing_enabled":true,"_links":{"self":[{"href":"https:\/\/www.gneist.org\/sommerkarusellen\/wp-json\/wp\/v2\/pages\/958","targetHints":{"allow":["GET"]}}],"collection":[{"href":"https:\/\/www.gneist.org\/sommerkarusellen\/wp-json\/wp\/v2\/pages"}],"about":[{"href":"https:\/\/www.gneist.org\/sommerkarusellen\/wp-json\/wp\/v2\/types\/page"}],"author":[{"embeddable":true,"href":"https:\/\/www.gneist.org\/sommerkarusellen\/wp-json\/wp\/v2\/users\/1"}],"replies":[{"embeddable":true,"href":"https:\/\/www.gneist.org\/sommerkarusellen\/wp-json\/wp\/v2\/comments?post=958"}],"version-history":[{"count":5,"href":"https:\/\/www.gneist.org\/sommerkarusellen\/wp-json\/wp\/v2\/pages\/958\/revisions"}],"predecessor-version":[{"id":1524,"href":"https:\/\/www.gneist.org\/sommerkarusellen\/wp-json\/wp\/v2\/pages\/958\/revisions\/1524"}],"wp:attachment":[{"href":"https:\/\/www.gneist.org\/sommerkarusellen\/wp-json\/wp\/v2\/media?parent=958"}],"curies":[{"name":"wp","href":"https:\/\/api.w.org\/{rel}","templated":true}]}}