{"id":48,"date":"2015-05-11T17:05:06","date_gmt":"2015-05-11T17:05:06","guid":{"rendered":"http:\/\/www.gneist.org\/sommerkarusellen\/?page_id=48"},"modified":"2024-05-29T09:26:42","modified_gmt":"2024-05-29T09:26:42","slug":"karusellinfo","status":"publish","type":"page","link":"https:\/\/www.gneist.org\/sommerkarusellen\/karusellinfo\/","title":{"rendered":"Karusellinfo"},"content":{"rendered":"<body><p><\/p>\n<h2 style=\"text-align: center;\">Velkommen til Sommerkarusellen p\u00e5 Fana Stadion<\/h2>\n<div id=\"MainPage\" style=\"text-align: center;\">\n<div class=\"qtabContents\">\n<div id=\"InfoTab\" class=\"InfoTab active\">\n<p>\u00a0Gneist friidrett \u00f8nsker velkommen til Sommerkarusellen 2024.<\/p>\n<div id=\"MainPage\">\n<div class=\"qtabContents\">\n<div id=\"InfoTab\" class=\"InfoTab active\">\n<p>Det blir arrangert 5 l\u00f8p, 3 f\u00f8r sommerferien og 2 etter.<\/p>\n<div id=\"MainPage\">\n<div class=\"qtabContents\">\n<div id=\"InfoTab\" class=\"InfoTab active\">\n<div id=\"MainPage\">\n<div class=\"qtabContents\">\n<div id=\"InfoTab\" class=\"InfoTab active\">\n<p><u><strong>P\u00e5melding til Sommerkarusellen 2024 (\u00e5pnet 1. april)<\/strong><br>\n<\/u><\/p>\n<p><strong><u>Ordin\u00e6r p\u00e5melding<\/u><\/strong><br>\nVoksen alle l\u00f8p: kr 700 + event. lisens<br>\nBarn alle l\u00f8p kr 300.- + evt lisens<br>\nPensjonister alle l\u00f8p kr 500.- + evt lisens<br>\n\u201cFamiliepakken\u201d (4 familiemedlemmer) kr 1500.- + evt lisens<\/p>\n<p><strong><u>Enkeltp\u00e5melding l\u00f8p 1 \u2013 3 .juni \u00e5pner 1.mai<\/u><\/strong><br>\nVoksne: kr 200.- + evnt. lisens<br>\nBarn (under 15 \u00e5r): kr 100.- + evt lisens<br>\nPensjonister kr 150.- + evt lisens<\/p>\n<\/div>\n<\/div>\n<\/div>\n<\/div>\n<\/div>\n<\/div>\n<p>Kondisrabatt kr 40.- (Legg inn ditt medlemsnummer og systemet gir deg rabatt)<\/p>\n<p><strong><u>L\u00f8psdatoer 2024:<br>\n<\/u><\/strong><u>3. juni \u2013 17. juni \u2013 1. juli \u2013 5. august \u2013 19. august<\/u><\/p>\n<p>Startnummer hentes p\u00e5 Fana Stadion l\u00f8psdagen fra 18.00<br>\n(F\u00f8rste l\u00f8p 3. juni fra 17.00)<\/p>\n<\/div>\n<\/div>\n<\/div><div id=\"MainPage\"><\/div>\n<\/div>\n<\/div>\n<\/div>\n<p style=\"text-align: center;\"><a href=\"https:\/\/www.facebook.com\/sommerkarusellen\" target=\"_blank\" rel=\"noopener noreferrer\"><img data-recalc-dims=\"1\" decoding=\"async\" class=\"aligncenter wp-image-108 size-full\" src=\"https:\/\/i0.wp.com\/www.gneist.org\/sommerkarusellen\/wp-content\/uploads\/2015\/05\/fb.jpg?resize=200%2C53\" alt=\"fb\" width=\"200\" height=\"53\" loading=\"lazy\"><\/a><\/p>\n<p style=\"text-align: center;\"><strong>\u00a0<\/strong><\/p>\n<p><\/p>\n<\/body>","protected":false},"excerpt":{"rendered":"<p>Velkommen til Sommerkarusellen p\u00e5 Fana Stadion \u00a0Gneist friidrett \u00f8nsker velkommen til Sommerkarusellen 2024. Det blir arrangert 5 l\u00f8p, 3 f\u00f8r sommerferien og 2 etter. P\u00e5melding til Sommerkarusellen 2024 (\u00e5pnet 1. april) Ordin\u00e6r p\u00e5melding Voksen alle l\u00f8p: kr 700 + event. lisens Barn alle l\u00f8p kr 300.- + evt lisens Pensjonister alle l\u00f8p kr 500.- +&#8230;<\/p>\n<div class=\"read-more\"><a href=\"https:\/\/www.gneist.org\/sommerkarusellen\/karusellinfo\/\">Read More<\/a><\/div>\n","protected":false},"author":1,"featured_media":0,"parent":0,"menu_order":0,"comment_status":"closed","ping_status":"closed","template":"","meta":{"footnotes":""},"class_list":["post-48","page","type-page","status-publish","hentry"],"jetpack_sharing_enabled":true,"_links":{"self":[{"href":"https:\/\/www.gneist.org\/sommerkarusellen\/wp-json\/wp\/v2\/pages\/48","targetHints":{"allow":["GET"]}}],"collection":[{"href":"https:\/\/www.gneist.org\/sommerkarusellen\/wp-json\/wp\/v2\/pages"}],"about":[{"href":"https:\/\/www.gneist.org\/sommerkarusellen\/wp-json\/wp\/v2\/types\/page"}],"author":[{"embeddable":true,"href":"https:\/\/www.gneist.org\/sommerkarusellen\/wp-json\/wp\/v2\/users\/1"}],"replies":[{"embeddable":true,"href":"https:\/\/www.gneist.org\/sommerkarusellen\/wp-json\/wp\/v2\/comments?post=48"}],"version-history":[{"count":5,"href":"https:\/\/www.gneist.org\/sommerkarusellen\/wp-json\/wp\/v2\/pages\/48\/revisions"}],"predecessor-version":[{"id":1385,"href":"https:\/\/www.gneist.org\/sommerkarusellen\/wp-json\/wp\/v2\/pages\/48\/revisions\/1385"}],"wp:attachment":[{"href":"https:\/\/www.gneist.org\/sommerkarusellen\/wp-json\/wp\/v2\/media?parent=48"}],"curies":[{"name":"wp","href":"https:\/\/api.w.org\/{rel}","templated":true}]}}