{"id":1433,"date":"2024-11-07T15:06:28","date_gmt":"2024-11-07T15:06:28","guid":{"rendered":"https:\/\/www.gneist.org\/sommerkarusellen\/?page_id=1433"},"modified":"2026-03-20T06:32:11","modified_gmt":"2026-03-20T06:32:11","slug":"startkontingent","status":"publish","type":"page","link":"https:\/\/www.gneist.org\/sommerkarusellen\/startkontingent\/","title":{"rendered":"Startkontingent"},"content":{"rendered":"<body>\n<p><strong>Velkommen til Sommerkarusellen p\u00e5 Fana Stadion<\/strong><\/p>\n\n\n\n<p>Gneist friidrett \u00f8nsker velkommen til Sommerkarusellen 2026.<\/p>\n\n\n\n<p>Det blir arrangert 5 l\u00f8p, 3 f\u00f8r sommerferien og 2 etter.<\/p>\n\n\n\n<p><strong><u>P\u00e5melding til Sommerkarusellen 2026 \u00e5pner 20. mars<\/u><\/strong><br>Voksen alle l\u00f8p: kr 900 + event. lisens<br>Barn alle l\u00f8p kr 450.- + evt lisens<br>Pensjonister alle l\u00f8p kr 700.- + evt lisens<br>\u201cVennepakken\u201d (Inntil 4 venner fri alder) kr 2500.- + evt lisenser<br>\u201cGrupperabatt\u201d (8-10 personer fri alder) kr 5000.- + evt lisenser<\/p>\n\n\n\n<p><strong><u>Enkeltp\u00e5melding l\u00f8p 1 \u2013 1 . juni \u00e5pner 1.mai<\/u><\/strong><br>Voksne: kr 200.- + evnt. lisens<br>Barn (under 15 \u00e5r): kr 100.- + evt lisens<br>Pensjonister kr 150.- + evt lisens<\/p>\n\n\n\n<p>Kondisrabatt kr 40.- (Legg inn ditt medlemsnummer og systemet gir deg rabatt)<\/p>\n<\/body>","protected":false},"excerpt":{"rendered":"<p>Velkommen til Sommerkarusellen p\u00e5 Fana Stadion Gneist friidrett \u00f8nsker velkommen til Sommerkarusellen 2026. Det blir arrangert 5 l\u00f8p, 3 f\u00f8r sommerferien og 2 etter. P\u00e5melding til Sommerkarusellen 2026 \u00e5pner 20. marsVoksen alle l\u00f8p: kr 900 + event. lisensBarn alle l\u00f8p kr 450.- + evt lisensPensjonister alle l\u00f8p kr 700.- + evt lisens\u201cVennepakken\u201d (Inntil 4 venner&#8230;<\/p>\n<div class=\"read-more\"><a href=\"https:\/\/www.gneist.org\/sommerkarusellen\/startkontingent\/\">Read More<\/a><\/div>\n","protected":false},"author":1,"featured_media":0,"parent":0,"menu_order":0,"comment_status":"closed","ping_status":"closed","template":"","meta":{"footnotes":""},"class_list":["post-1433","page","type-page","status-publish","hentry"],"jetpack_sharing_enabled":true,"_links":{"self":[{"href":"https:\/\/www.gneist.org\/sommerkarusellen\/wp-json\/wp\/v2\/pages\/1433","targetHints":{"allow":["GET"]}}],"collection":[{"href":"https:\/\/www.gneist.org\/sommerkarusellen\/wp-json\/wp\/v2\/pages"}],"about":[{"href":"https:\/\/www.gneist.org\/sommerkarusellen\/wp-json\/wp\/v2\/types\/page"}],"author":[{"embeddable":true,"href":"https:\/\/www.gneist.org\/sommerkarusellen\/wp-json\/wp\/v2\/users\/1"}],"replies":[{"embeddable":true,"href":"https:\/\/www.gneist.org\/sommerkarusellen\/wp-json\/wp\/v2\/comments?post=1433"}],"version-history":[{"count":5,"href":"https:\/\/www.gneist.org\/sommerkarusellen\/wp-json\/wp\/v2\/pages\/1433\/revisions"}],"predecessor-version":[{"id":1553,"href":"https:\/\/www.gneist.org\/sommerkarusellen\/wp-json\/wp\/v2\/pages\/1433\/revisions\/1553"}],"wp:attachment":[{"href":"https:\/\/www.gneist.org\/sommerkarusellen\/wp-json\/wp\/v2\/media?parent=1433"}],"curies":[{"name":"wp","href":"https:\/\/api.w.org\/{rel}","templated":true}]}}