{"id":911,"date":"2021-01-07T18:19:21","date_gmt":"2021-01-07T18:19:21","guid":{"rendered":"http:\/\/www.gneist.org\/pingvinlekene\/?page_id=911"},"modified":"2026-02-02T13:23:37","modified_gmt":"2026-02-02T13:23:37","slug":"tidsskjema","status":"publish","type":"page","link":"https:\/\/www.gneist.org\/pingvinlekene\/tidsskjema\/","title":{"rendered":"Tidsskjema"},"content":{"rendered":"\n<p><strong>Vi har n\u00e5 startet med og oppdatere tidsskjema. <\/strong><br><br>For oppdatert tidsskjema, sjekk <strong><a href=\"https:\/\/norway.opentrack.run\/nb\/x\/2026\/NOR\/pingvinlekene\/event\/\" target=\"_blank\" rel=\"noreferrer noopener\">Open Track<\/a> <\/strong>(klikk p\u00e5 link)<br>\u00d8velsesstart st\u00e5r i kolonnen lengst til h\u00f8yre. (dag 1-fredag, dag-2 l\u00f8rdag, dag-3 s\u00f8ndag)<\/p>\n\n\n\n<figure class=\"wp-block-gallery has-nested-images columns-default is-cropped wp-block-gallery-1 is-layout-flex wp-block-gallery-is-layout-flex\"><\/figure>\n","protected":false},"excerpt":{"rendered":"<p>Vi har n\u00e5 startet med og oppdatere tidsskjema. For oppdatert tidsskjema, sjekk Open Track (klikk p\u00e5 link)\u00d8velsesstart st\u00e5r i kolonnen lengst til h\u00f8yre. (dag 1-fredag, dag-2 l\u00f8rdag, dag-3 s\u00f8ndag)<\/p>\n","protected":false},"author":1,"featured_media":0,"parent":0,"menu_order":0,"comment_status":"closed","ping_status":"closed","template":"","meta":{"footnotes":""},"class_list":["post-911","page","type-page","status-publish","hentry"],"jetpack_sharing_enabled":true,"_links":{"self":[{"href":"https:\/\/www.gneist.org\/pingvinlekene\/wp-json\/wp\/v2\/pages\/911","targetHints":{"allow":["GET"]}}],"collection":[{"href":"https:\/\/www.gneist.org\/pingvinlekene\/wp-json\/wp\/v2\/pages"}],"about":[{"href":"https:\/\/www.gneist.org\/pingvinlekene\/wp-json\/wp\/v2\/types\/page"}],"author":[{"embeddable":true,"href":"https:\/\/www.gneist.org\/pingvinlekene\/wp-json\/wp\/v2\/users\/1"}],"replies":[{"embeddable":true,"href":"https:\/\/www.gneist.org\/pingvinlekene\/wp-json\/wp\/v2\/comments?post=911"}],"version-history":[{"count":5,"href":"https:\/\/www.gneist.org\/pingvinlekene\/wp-json\/wp\/v2\/pages\/911\/revisions"}],"predecessor-version":[{"id":1597,"href":"https:\/\/www.gneist.org\/pingvinlekene\/wp-json\/wp\/v2\/pages\/911\/revisions\/1597"}],"wp:attachment":[{"href":"https:\/\/www.gneist.org\/pingvinlekene\/wp-json\/wp\/v2\/media?parent=911"}],"curies":[{"name":"wp","href":"https:\/\/api.w.org\/{rel}","templated":true}]}}