{"id":89,"date":"2015-12-18T20:49:41","date_gmt":"2015-12-18T20:49:41","guid":{"rendered":"http:\/\/www.gneist.org\/pingvinlekene\/?page_id=89"},"modified":"2026-02-06T18:16:13","modified_gmt":"2026-02-06T18:16:13","slug":"resultater","status":"publish","type":"page","link":"https:\/\/www.gneist.org\/pingvinlekene\/resultater\/","title":{"rendered":"Resultater"},"content":{"rendered":"\n<p><strong><a href=\"https:\/\/norway.opentrack.run\/nb\/x\/2026\/NOR\/pingvinlekene\/event\/\" target=\"_blank\" rel=\"noreferrer noopener\">Resultater 2026 (l\u00f8ps\u00f8velser)<\/a><\/strong><br><br><strong><a href=\"https:\/\/www.create-data.no\/storskjerm\/Gneist%20IL\/Pingvinlekene\/index.html\" target=\"_blank\" rel=\"noreferrer noopener\">Resultater 2026 (tekniske)<\/a><\/strong><\/p>\n\n\n<h3><a href=\"http:\/\/www.gneist.org\/pingvinlekene\/wp-content\/uploads\/2020\/02\/Resultatliste-Pingvinlekene-2020-Komplett-ver-3.0.pdf\">Resultatliste Pingvinlekene 2020 &#8211; Komplett ver 3.0<\/a><\/h3>\n<h2><a href=\"http:\/\/www.gneist.org\/Pingvinlekene2020\/Resultater\/Res.php?fbclid=IwAR3QJ1_BeipGbP7vsLFQ-9ry3tZt9ZTWU15Cv_1FuDcqzg4RZ1-g2CUgj3g\" target=\"_blank\" rel=\"noopener noreferrer\">Live link Resultater 2020<\/a><\/h2>\n<h2>HISTORISKE RESULTATER<\/h2>\n<h3><a href=\"http:\/\/www.gneist.org\/pingvinlekene\/wp-content\/uploads\/2019\/02\/Pingvinlekene-2019-Resultatliste-Komplett-ver-1.1.pdf\">Pingvinlekene 2019 Resultatliste<\/a><\/h3>\n<pre><a href=\"http:\/\/www.gneist.org\/pingvinlekene\/wp-content\/uploads\/2018\/02\/Komplette-Resultater-En-\u00f8velse-per-side.pdf\" target=\"_blank\" rel=\"noopener noreferrer\">Resultater 2018<\/a><\/pre>\n<pre>Resultatliste 2017\n\n2017 :<a style=\"font-family: Helvetica, Arial, Verdana, sans-serif; word-spacing: normal;\" href=\"http:\/\/www.gneist.org\/Pingvin2017\/Resultater\/Pingvinlekene2017_Dag1.pdf\">L\u00f8rdag<\/a> <a href=\"http:\/\/www.gneist.org\/Pingvin2017\/Resultater\/Pingvinlekene2017_Dag2.pdf\">S\u00f8ndag<\/a><\/pre>\n<h6><strong><u><span style=\"font-size: x-large;\"><a href=\"http:\/\/www.gneist.org\/Pingvin2017\/Resultater\/Res.php\" target=\"_blank\" rel=\"noopener noreferrer\">Link til &laquo;live-resultater 2017&raquo;<\/a><\/span><\/u><\/strong><\/h6>\n<h2><\/h2>\n<p>2012: <a href=\"http:\/\/arkiv.gneist.no\/dok\/friidrett\/Pingvinlekene\/Resultater\/Pingvin_2012_1.pdf\" target=\"_blank\" rel=\"noopener noreferrer\"><u><span style=\"color: #0066cc;\">L\u00f8rdag<\/span><\/u><\/a> \u00a0<a href=\"http:\/\/arkiv.gneist.no\/dok\/friidrett\/Pingvinlekene\/Resultater\/Pingvin_2012_2.pdf\" target=\"_blank\" rel=\"noopener noreferrer\"><u><span style=\"color: #0066cc;\">S\u00f8ndag<\/span><\/u><\/a><br \/>\n2013: <a href=\"http:\/\/arkiv.gneist.no\/dok\/friidrett\/Pingvinlekene\/Resultater\/Pingvin_2013_1.pdf\" target=\"_blank\" rel=\"noopener noreferrer\"><u><span style=\"color: #0066cc;\">L\u00f8rdag<\/span><\/u><\/a> \u00a0<a href=\"http:\/\/arkiv.gneist.no\/dok\/friidrett\/Pingvinlekene\/Resultater\/Pingvin_2013_2.pdf\" target=\"_blank\" rel=\"noopener noreferrer\"><u><span style=\"color: #0066cc;\">S\u00f8ndag<\/span><\/u><\/a><br \/>\n2014: <a href=\"http:\/\/arkiv.gneist.no\/dok\/friidrett\/Pingvinlekene\/Resultater\/Pingvin_2014_1.pdf\" target=\"_blank\" rel=\"noopener noreferrer\"><u><span style=\"color: #0066cc;\">L\u00f8rdag<\/span><\/u><\/a> \u00a0<a href=\"http:\/\/arkiv.gneist.no\/dok\/friidrett\/Pingvinlekene\/Resultater\/Pingvin_2014_2.pdf\" target=\"_blank\" rel=\"noopener noreferrer\"><u><span style=\"color: #0066cc;\">S\u00f8ndag<\/span><\/u><\/a><br \/>\n2015: <a href=\"http:\/\/arkiv.gneist.no\/dok\/friidrett\/Pingvinlekene\/Resultater\/Pingvin_2015_1.pdf\" target=\"_blank\" rel=\"noopener noreferrer\"><u><span style=\"color: #0066cc;\">L\u00f8rdag<\/span><\/u><\/a> \u00a0<a href=\"http:\/\/arkiv.gneist.no\/dok\/friidrett\/Pingvinlekene\/Resultater\/Pingvin_2015_2.pdf\" target=\"_blank\" rel=\"noopener noreferrer\"><u><span style=\"color: #0066cc;\">S\u00f8ndag<\/span><\/u><\/a><\/p>\n<p>2016 : <a href=\"http:\/\/arkiv.gneist.no\/dok\/friidrett\/Pingvin2016\/Res.php\" target=\"_blank\" rel=\"noopener noreferrer\">L\u00f8rdag &#8211; S\u00f8ndag<\/a><\/p>\n<p><a href=\"http:\/\/www.gneist.org\/pingvinlekene\/wp-content\/uploads\/2016\/02\/Resultater-Pingvinlekene-2016-l\u00f8rdag.pdf\" target=\"_blank\" rel=\"noopener noreferrer\">Resultater Pingvinlekene 2016 l\u00f8rdag pdf<\/a><br \/>\n<a href=\"http:\/\/www.gneist.org\/pingvinlekene\/wp-content\/uploads\/2016\/02\/Resultater-Pingvinlekene-2016-s\u00f8ndag.pdf\" target=\"_blank\" rel=\"noopener noreferrer\">Resultater Pingvinlekene 2016 s\u00f8ndag pdf<\/a><strong><br \/>\n<\/strong><\/p>\n<p>2017<\/p>\n<p><a href=\"http:\/\/www.gneist.org\/Pingvin2017\/Resultater\/Res_Dag1.pdf\" target=\"_blank\" rel=\"noopener noreferrer\"><strong>Resultater Pingvinlekene 2017 l\u00f8rdag pfd<\/strong><\/a><br \/>\nOver 3000 poeng p\u00e5 3 \u00f8velser.<\/p>\n<p><strong><u><span style=\"font-size: x-large;\"><br \/>\n<a href=\"https:\/\/i0.wp.com\/www.gneist.org\/pingvinlekene\/wp-content\/uploads\/2015\/12\/IMG_1460-640.jpg\" rel=\"attachment wp-att-151\"><img data-recalc-dims=\"1\" loading=\"lazy\" decoding=\"async\" class=\"aligncenter size-full wp-image-151\" src=\"https:\/\/i0.wp.com\/www.gneist.org\/pingvinlekene\/wp-content\/uploads\/2015\/12\/IMG_1460-640.jpg?resize=640%2C427\" alt=\"IMG_1460-640\" width=\"640\" height=\"427\" srcset=\"https:\/\/i0.wp.com\/www.gneist.org\/pingvinlekene\/wp-content\/uploads\/2015\/12\/IMG_1460-640.jpg?w=640&amp;ssl=1 640w, https:\/\/i0.wp.com\/www.gneist.org\/pingvinlekene\/wp-content\/uploads\/2015\/12\/IMG_1460-640.jpg?resize=300%2C200&amp;ssl=1 300w\" sizes=\"auto, (max-width: 640px) 100vw, 640px\" \/><\/a><br \/>\n<\/span><\/u><\/strong><\/p>\n<table border=\"1\" cellspacing=\"2\" cellpadding=\"2\">\n<tbody>\n<tr>\n<td>#<\/td>\n<td>Navn<\/td>\n<td>Klasse<\/td>\n<td>Klubb<\/td>\n<td>\u00c5r<\/td>\n<td>Poeng<\/td>\n<td>\u00d8velser<\/td>\n<\/tr>\n<tr>\n<td>1<\/td>\n<td>P\u00e5l Haugen Lillefosse<\/td>\n<td>G13<\/td>\n<td>IL Gneist<\/td>\n<td>2014<\/td>\n<td>3241 p.<\/td>\n<td>Stav 3,91 (1171) \/ 60 m hk 9,35 (1090) \/ Lengde 5,25 (980)<\/td>\n<\/tr>\n<tr>\n<td>2<\/td>\n<td>P\u00e5l Haugen Lillefosse<\/td>\n<td>G14<\/td>\n<td>IL Gneist<\/td>\n<td>2015<\/td>\n<td>3215 p.<\/td>\n<td>Stav 4,34 (1193) \/ \u00a060 m 7,64 (1056) \/ Lengde 5,58 (966)<\/td>\n<\/tr>\n<tr>\n<td>3<\/td>\n<td>Amund H\u00f8ie Sjursen<\/td>\n<td>G19<\/td>\n<td>IL Gneist<\/td>\n<td>2015<\/td>\n<td>3214 p.<\/td>\n<td>Lengde 7,41 (1092) \/ 60m 6,93 (1072) \/ 200m 21,91 (1050)<\/td>\n<\/tr>\n<tr>\n<td>4<\/td>\n<td>Karsten Warholm<\/td>\n<td>G16<\/td>\n<td>Dimna IL<\/td>\n<td>2012<\/td>\n<td>3208 p.<\/td>\n<td>Lengde 7,06 (1132) \/ 200m 22,98 (1044) \/ 60m 7,38 (1032)<\/td>\n<\/tr>\n<tr>\n<td>5<\/td>\n<td>Amund H\u00f8ie Sjursen<\/td>\n<td>G18<\/td>\n<td>IL Gneist<\/td>\n<td>2014<\/td>\n<td>3174 p.<\/td>\n<td>Lengde 7,36 (1112) \/ 60 m 7,02 (1062) \/ H\u00f8yde 1,96 (1000)<\/td>\n<\/tr>\n<tr>\n<td>6<\/td>\n<td>Kristi Str\u00f8mmen Kjerpeset<\/td>\n<td>J14<\/td>\n<td>Flor\u00f8 T&amp;IF<\/td>\n<td>2012<\/td>\n<td>3174 p.<\/td>\n<td>60m hk 9,09 (1115) \/ 60m 8,08 (1045) \/ 200m 26,92 (1014)<\/td>\n<\/tr>\n<tr>\n<td>7<\/td>\n<td>Martine Hj\u00f8rnevik<\/td>\n<td>J14<\/td>\n<td>Norna-Salhus<\/td>\n<td>2015<\/td>\n<td>3158 p.<\/td>\n<td>60m hekk 9,31 (1074) \/ 200m 26,39 (1055) \/ 60m 8,11 (1029)<\/td>\n<\/tr>\n<tr>\n<td>8<\/td>\n<td>Ben Jeffrey<\/td>\n<td>G13<\/td>\n<td>Flor\u00f8 T&amp;IF<\/td>\n<td>2014<\/td>\n<td>3146 p.<\/td>\n<td>60 m hk 9,27 (1106) \/ 60 m 7,89 (1029) \/ 200 m 25,87 (1011)<\/td>\n<\/tr>\n<tr>\n<td>9<\/td>\n<td>P\u00e5l Haugen Lillefosse<\/td>\n<td>G12<\/td>\n<td>IL Gneist<\/td>\n<td>2013<\/td>\n<td>3132 p.<\/td>\n<td>Stav 3,31 (1120) \/ 60m hk 9,99 (1042) \/ 200m 27,95 (970)<\/td>\n<\/tr>\n<tr>\n<td>10<\/td>\n<td>Live Haugstad Hilton<\/td>\n<td>J15<\/td>\n<td>Bergens Turn<\/td>\n<td>2014<\/td>\n<td>3070 p.<\/td>\n<td>60 m 7,95 (1054) \/ 200 m 25,93 (1044) \/ Lengde 5,23 (972)<\/td>\n<\/tr>\n<tr>\n<td>11<\/td>\n<td>Kristoffer Bl\u00fccher<\/td>\n<td>G14<\/td>\n<td>IL Gneist<\/td>\n<td>2013<\/td>\n<td>3058 p.<\/td>\n<td>60m 7,60 (1040) \/ 200m 24,82 (998) \/ 600m 1:30,16 (1020)<\/td>\n<\/tr>\n<tr>\n<td>12<\/td>\n<td>Kristoffer Bl\u00fccher<\/td>\n<td>G16<\/td>\n<td>IL Gneist<\/td>\n<td>2015<\/td>\n<td>3033 p.<\/td>\n<td>600m 1:24,92 (1028) \/ 60m 7,34 (1016) \/ 200m 23,62 (989)<\/td>\n<\/tr>\n<tr>\n<td>13<\/td>\n<td>Kristoffer Bl\u00fccher<\/td>\n<td>G13<\/td>\n<td>IL Gneist<\/td>\n<td>2012<\/td>\n<td>3019 p.<\/td>\n<td>60m hk 9,76 (1008) \/ 200m 25,91 (1007) \/ Lengde 5,37 (1004)<\/td>\n<\/tr>\n<tr>\n<td>14<\/td>\n<td>Kristiane Sekkingstad Terum<\/td>\n<td>J13<\/td>\n<td>Aurland<\/td>\n<td>2013<\/td>\n<td>3014 p.<\/td>\n<td>60m 8,42 (994) \/ 200m 27,18 (1040) \/ 600m 1:42,79 (980)<\/td>\n<\/tr>\n<tr>\n<td>15<\/td>\n<td>Martine Hj\u00f8rnevik<\/td>\n<td>J13<\/td>\n<td>Norna-Salhus<\/td>\n<td>2014<\/td>\n<td>3006 p.<\/td>\n<td>60m hk 9,93 (1032) \/ 200m 27,50 (1015) \/ 60m 8,55 (959)<\/td>\n<\/tr>\n<tr>\n<td>16<\/td>\n<td>P\u00e5l Haugen Lillefosse<\/td>\n<td>G11<\/td>\n<td>IL Gneist<\/td>\n<td>2012<\/td>\n<td>3005 p.<\/td>\n<td>Stav 2,60 (1051) \/ 60m hk 10,55 (990) \/ Lengde 4,37 (964)<\/td>\n<\/tr>\n<\/tbody>\n<\/table>","protected":false},"excerpt":{"rendered":"<p>Resultater 2026 (l\u00f8ps\u00f8velser)Resultater 2026 (tekniske) Resultatliste Pingvinlekene 2020 &#8211; Komplett ver 3.0 Live link Resultater 2020 HISTORISKE RESULTATER Pingvinlekene 2019 Resultatliste Resultater 2018 Resultatliste 2017 2017 :L\u00f8rdag S\u00f8ndag Link til &laquo;live-resultater 2017&raquo; 2012: L\u00f8rdag \u00a0S\u00f8ndag 2013: L\u00f8rdag \u00a0S\u00f8ndag 2014: L\u00f8rdag \u00a0S\u00f8ndag 2015: L\u00f8rdag \u00a0S\u00f8ndag 2016 : L\u00f8rdag &#8211; S\u00f8ndag Resultater Pingvinlekene 2016 l\u00f8rdag pdf Resultater&#8230;<\/p>\n<div class=\"read-more\"><a href=\"https:\/\/www.gneist.org\/pingvinlekene\/resultater\/\">Read More<\/a><\/div>\n","protected":false},"author":1,"featured_media":0,"parent":0,"menu_order":0,"comment_status":"closed","ping_status":"closed","template":"","meta":{"footnotes":""},"class_list":["post-89","page","type-page","status-publish","hentry"],"jetpack_sharing_enabled":true,"_links":{"self":[{"href":"https:\/\/www.gneist.org\/pingvinlekene\/wp-json\/wp\/v2\/pages\/89","targetHints":{"allow":["GET"]}}],"collection":[{"href":"https:\/\/www.gneist.org\/pingvinlekene\/wp-json\/wp\/v2\/pages"}],"about":[{"href":"https:\/\/www.gneist.org\/pingvinlekene\/wp-json\/wp\/v2\/types\/page"}],"author":[{"embeddable":true,"href":"https:\/\/www.gneist.org\/pingvinlekene\/wp-json\/wp\/v2\/users\/1"}],"replies":[{"embeddable":true,"href":"https:\/\/www.gneist.org\/pingvinlekene\/wp-json\/wp\/v2\/comments?post=89"}],"version-history":[{"count":5,"href":"https:\/\/www.gneist.org\/pingvinlekene\/wp-json\/wp\/v2\/pages\/89\/revisions"}],"predecessor-version":[{"id":1605,"href":"https:\/\/www.gneist.org\/pingvinlekene\/wp-json\/wp\/v2\/pages\/89\/revisions\/1605"}],"wp:attachment":[{"href":"https:\/\/www.gneist.org\/pingvinlekene\/wp-json\/wp\/v2\/media?parent=89"}],"curies":[{"name":"wp","href":"https:\/\/api.w.org\/{rel}","templated":true}]}}