{"id":433,"date":"2017-12-22T22:43:38","date_gmt":"2017-12-22T22:43:38","guid":{"rendered":"http:\/\/www.gneist.org\/pingvinlekene\/?page_id=433"},"modified":"2022-01-18T15:14:18","modified_gmt":"2022-01-18T15:14:18","slug":"friidrett-gp","status":"publish","type":"page","link":"https:\/\/www.gneist.org\/pingvinlekene\/friidrett-gp\/","title":{"rendered":"Friidrett GP"},"content":{"rendered":"<h1 class=\"page-title\">FRIIDRETT GP<\/h1>\n<div id=\"page-container\" class=\"post-240 page type-page status-publish\">\n<p><strong>Friidrett Grand Prix arrangeres som en del av Pingvinlekene. Det blir tilbud om 200m, 400m,&nbsp; lengde u\/t og kule. Alle konkurransene g\u00e5r om s\u00f8ndagen.<\/strong><\/p>\n<p><strong><em>Tidsskjema Friidrett Grand Prix s\u00f8ndag 16. februar.&nbsp;<\/em><br \/>\n200 meter<\/strong> kl.14.30<br \/>\n<strong>Lengde<\/strong> u\/t kl. 15.00<br \/>\n<strong>Kule<\/strong> kl. 16.15<br \/>\n<strong>400 meter<\/strong> kl. 17.30<\/p>\n<p>Friidrett Grand Prix er en serie med friidrettsstevner for ungdom og unge voksne med utviklingshemninger. Dette er stevner som er approberte av Norges Friidrettsforbund, og som f\u00f8lger retningslinjer for vanlige friidrettsstevner. Stevnene legges ut p\u00e5 terminlisten, og resultatene p\u00e5 statistikken.<\/p>\n<p><strong>Les mer om Friidrett Grand Prix <a href=\"https:\/\/www.friidrett.no\/aktivitet\/parafriidrett\/utviklingshemmede\/friidrett-grand-prix\/\">her<\/a> :&nbsp;<\/strong><\/p>\n<\/div>\n","protected":false},"excerpt":{"rendered":"<p>FRIIDRETT GP Friidrett Grand Prix arrangeres som en del av Pingvinlekene. Det blir tilbud om 200m, 400m,&nbsp; lengde u\/t og kule. Alle konkurransene g\u00e5r om s\u00f8ndagen. Tidsskjema Friidrett Grand Prix s\u00f8ndag 16. februar.&nbsp; 200 meter kl.14.30 Lengde u\/t kl. 15.00 Kule kl. 16.15 400 meter kl. 17.30 Friidrett Grand Prix er en serie med friidrettsstevner&#8230;<\/p>\n<div class=\"read-more\"><a href=\"https:\/\/www.gneist.org\/pingvinlekene\/friidrett-gp\/\">Read More<\/a><\/div>\n","protected":false},"author":1,"featured_media":0,"parent":0,"menu_order":0,"comment_status":"closed","ping_status":"closed","template":"","meta":{"footnotes":""},"class_list":["post-433","page","type-page","status-publish","hentry"],"jetpack_sharing_enabled":true,"_links":{"self":[{"href":"https:\/\/www.gneist.org\/pingvinlekene\/wp-json\/wp\/v2\/pages\/433","targetHints":{"allow":["GET"]}}],"collection":[{"href":"https:\/\/www.gneist.org\/pingvinlekene\/wp-json\/wp\/v2\/pages"}],"about":[{"href":"https:\/\/www.gneist.org\/pingvinlekene\/wp-json\/wp\/v2\/types\/page"}],"author":[{"embeddable":true,"href":"https:\/\/www.gneist.org\/pingvinlekene\/wp-json\/wp\/v2\/users\/1"}],"replies":[{"embeddable":true,"href":"https:\/\/www.gneist.org\/pingvinlekene\/wp-json\/wp\/v2\/comments?post=433"}],"version-history":[{"count":9,"href":"https:\/\/www.gneist.org\/pingvinlekene\/wp-json\/wp\/v2\/pages\/433\/revisions"}],"predecessor-version":[{"id":1133,"href":"https:\/\/www.gneist.org\/pingvinlekene\/wp-json\/wp\/v2\/pages\/433\/revisions\/1133"}],"wp:attachment":[{"href":"https:\/\/www.gneist.org\/pingvinlekene\/wp-json\/wp\/v2\/media?parent=433"}],"curies":[{"name":"wp","href":"https:\/\/api.w.org\/{rel}","templated":true}]}}