{"id":153,"date":"2015-12-19T12:54:56","date_gmt":"2015-12-19T12:54:56","guid":{"rendered":"http:\/\/www.gneist.org\/pingvinlekene\/?page_id=153"},"modified":"2025-12-07T20:24:33","modified_gmt":"2025-12-07T20:24:33","slug":"pamelding","status":"publish","type":"page","link":"https:\/\/www.gneist.org\/pingvinlekene\/pamelding\/","title":{"rendered":"P\u00e5melding"},"content":{"rendered":"<h2><strong>P\u00e5melding til Pingvinlekene 2026 \u00e5pner 1. desember 2025. Klikk <a href=\"https:\/\/isonen.no\/event\/cmg58hpke00g57c01ukqau9c4\/\" target=\"_blank\" rel=\"noopener\">her<\/a><\/strong><\/h2>\n\n\n<figure class=\"wp-block-image size-full\"><a href=\"https:\/\/i0.wp.com\/www.gneist.org\/pingvinlekene\/wp-content\/uploads\/2025\/12\/Dagsprogram-Pingvinlekene-2026.jpg?ssl=1\"><img data-recalc-dims=\"1\" loading=\"lazy\" decoding=\"async\" width=\"757\" height=\"165\" src=\"https:\/\/i0.wp.com\/www.gneist.org\/pingvinlekene\/wp-content\/uploads\/2025\/12\/Dagsprogram-Pingvinlekene-2026.jpg?resize=757%2C165&#038;ssl=1\" alt=\"\" class=\"wp-image-1555\" srcset=\"https:\/\/i0.wp.com\/www.gneist.org\/pingvinlekene\/wp-content\/uploads\/2025\/12\/Dagsprogram-Pingvinlekene-2026.jpg?w=839&amp;ssl=1 839w, https:\/\/i0.wp.com\/www.gneist.org\/pingvinlekene\/wp-content\/uploads\/2025\/12\/Dagsprogram-Pingvinlekene-2026.jpg?resize=300%2C65&amp;ssl=1 300w, https:\/\/i0.wp.com\/www.gneist.org\/pingvinlekene\/wp-content\/uploads\/2025\/12\/Dagsprogram-Pingvinlekene-2026.jpg?resize=768%2C168&amp;ssl=1 768w\" sizes=\"auto, (max-width: 757px) 100vw, 757px\" \/><\/a><\/figure>\n","protected":false},"excerpt":{"rendered":"<p>P\u00e5melding til Pingvinlekene 2026 \u00e5pner 1. desember 2025. Klikk her<\/p>\n","protected":false},"author":1,"featured_media":0,"parent":0,"menu_order":0,"comment_status":"closed","ping_status":"closed","template":"","meta":{"footnotes":""},"class_list":["post-153","page","type-page","status-publish","hentry"],"jetpack_sharing_enabled":true,"_links":{"self":[{"href":"https:\/\/www.gneist.org\/pingvinlekene\/wp-json\/wp\/v2\/pages\/153","targetHints":{"allow":["GET"]}}],"collection":[{"href":"https:\/\/www.gneist.org\/pingvinlekene\/wp-json\/wp\/v2\/pages"}],"about":[{"href":"https:\/\/www.gneist.org\/pingvinlekene\/wp-json\/wp\/v2\/types\/page"}],"author":[{"embeddable":true,"href":"https:\/\/www.gneist.org\/pingvinlekene\/wp-json\/wp\/v2\/users\/1"}],"replies":[{"embeddable":true,"href":"https:\/\/www.gneist.org\/pingvinlekene\/wp-json\/wp\/v2\/comments?post=153"}],"version-history":[{"count":5,"href":"https:\/\/www.gneist.org\/pingvinlekene\/wp-json\/wp\/v2\/pages\/153\/revisions"}],"predecessor-version":[{"id":1556,"href":"https:\/\/www.gneist.org\/pingvinlekene\/wp-json\/wp\/v2\/pages\/153\/revisions\/1556"}],"wp:attachment":[{"href":"https:\/\/www.gneist.org\/pingvinlekene\/wp-json\/wp\/v2\/media?parent=153"}],"curies":[{"name":"wp","href":"https:\/\/api.w.org\/{rel}","templated":true}]}}