{"id":104,"date":"2015-12-18T20:52:08","date_gmt":"2015-12-18T20:52:08","guid":{"rendered":"http:\/\/www.gneist.org\/pingvinlekene\/?page_id=104"},"modified":"2021-01-07T16:15:08","modified_gmt":"2021-01-07T16:15:08","slug":"kiosk","status":"publish","type":"page","link":"https:\/\/www.gneist.org\/pingvinlekene\/kiosk\/","title":{"rendered":"Kiosk"},"content":{"rendered":"<p style=\"text-align: center;\">S\u00e5 lenge Pingvinlekene p\u00e5g\u00e5r vill kiosken v\u00e6re \u00e5pen for salg av forfriskninger.<\/p>\n<p><a href=\"https:\/\/i0.wp.com\/www.gneist.org\/pingvinlekene\/wp-content\/uploads\/2015\/12\/IMG_8424-640.jpg\" rel=\"attachment wp-att-141\"><img data-recalc-dims=\"1\" loading=\"lazy\" decoding=\"async\" class=\"aligncenter size-full wp-image-141\" src=\"https:\/\/i0.wp.com\/www.gneist.org\/pingvinlekene\/wp-content\/uploads\/2015\/12\/IMG_8424-640.jpg?resize=640%2C427\" alt=\"IMG_8424-640\" width=\"640\" height=\"427\" srcset=\"https:\/\/i0.wp.com\/www.gneist.org\/pingvinlekene\/wp-content\/uploads\/2015\/12\/IMG_8424-640.jpg?w=640&amp;ssl=1 640w, https:\/\/i0.wp.com\/www.gneist.org\/pingvinlekene\/wp-content\/uploads\/2015\/12\/IMG_8424-640.jpg?resize=300%2C200&amp;ssl=1 300w\" sizes=\"auto, (max-width: 640px) 100vw, 640px\" \/><\/a><br \/>\nUtvalget er godt og det er god plass til \u00e5&nbsp;sette seg ned rundt et bord og f\u00f8lge med p\u00e5 hva som skjer nede p\u00e5&nbsp;&laquo;parketten&raquo;<\/p>\n<p>&nbsp;<\/p>\n<p><a href=\"https:\/\/i0.wp.com\/www.gneist.org\/pingvinlekene\/wp-content\/uploads\/2015\/12\/IMG_8420-640.jpg\" rel=\"attachment wp-att-140\"><img data-recalc-dims=\"1\" loading=\"lazy\" decoding=\"async\" class=\"aligncenter size-full wp-image-140\" src=\"https:\/\/i0.wp.com\/www.gneist.org\/pingvinlekene\/wp-content\/uploads\/2015\/12\/IMG_8420-640.jpg?resize=640%2C427\" alt=\"IMG_8420-640\" width=\"640\" height=\"427\" srcset=\"https:\/\/i0.wp.com\/www.gneist.org\/pingvinlekene\/wp-content\/uploads\/2015\/12\/IMG_8420-640.jpg?w=640&amp;ssl=1 640w, https:\/\/i0.wp.com\/www.gneist.org\/pingvinlekene\/wp-content\/uploads\/2015\/12\/IMG_8420-640.jpg?resize=300%2C200&amp;ssl=1 300w\" sizes=\"auto, (max-width: 640px) 100vw, 640px\" \/><\/a><\/p>\n<p><a href=\"https:\/\/i0.wp.com\/www.gneist.org\/pingvinlekene\/wp-content\/uploads\/2018\/02\/Pingvin-kiosk-Pris-plakat-A3-2018-1000.jpg\"><img data-recalc-dims=\"1\" loading=\"lazy\" decoding=\"async\" class=\"alignleft wp-image-493 size-full\" src=\"https:\/\/i0.wp.com\/www.gneist.org\/pingvinlekene\/wp-content\/uploads\/2018\/02\/Pingvin-kiosk-Pris-plakat-A3-2018-1000.jpg?resize=757%2C1009\" alt=\"\" width=\"757\" height=\"1009\" srcset=\"https:\/\/i0.wp.com\/www.gneist.org\/pingvinlekene\/wp-content\/uploads\/2018\/02\/Pingvin-kiosk-Pris-plakat-A3-2018-1000.jpg?w=1000&amp;ssl=1 1000w, https:\/\/i0.wp.com\/www.gneist.org\/pingvinlekene\/wp-content\/uploads\/2018\/02\/Pingvin-kiosk-Pris-plakat-A3-2018-1000.jpg?resize=225%2C300&amp;ssl=1 225w, https:\/\/i0.wp.com\/www.gneist.org\/pingvinlekene\/wp-content\/uploads\/2018\/02\/Pingvin-kiosk-Pris-plakat-A3-2018-1000.jpg?resize=768%2C1024&amp;ssl=1 768w\" sizes=\"auto, (max-width: 757px) 100vw, 757px\" \/><\/a><\/p>\n","protected":false},"excerpt":{"rendered":"<p>S\u00e5 lenge Pingvinlekene p\u00e5g\u00e5r vill kiosken v\u00e6re \u00e5pen for salg av forfriskninger. Utvalget er godt og det er god plass til \u00e5&nbsp;sette seg ned rundt et bord og f\u00f8lge med p\u00e5 hva som skjer nede p\u00e5&nbsp;&laquo;parketten&raquo; &nbsp;<\/p>\n","protected":false},"author":1,"featured_media":0,"parent":0,"menu_order":0,"comment_status":"closed","ping_status":"closed","template":"","meta":{"footnotes":""},"class_list":["post-104","page","type-page","status-publish","hentry"],"jetpack_sharing_enabled":true,"_links":{"self":[{"href":"https:\/\/www.gneist.org\/pingvinlekene\/wp-json\/wp\/v2\/pages\/104","targetHints":{"allow":["GET"]}}],"collection":[{"href":"https:\/\/www.gneist.org\/pingvinlekene\/wp-json\/wp\/v2\/pages"}],"about":[{"href":"https:\/\/www.gneist.org\/pingvinlekene\/wp-json\/wp\/v2\/types\/page"}],"author":[{"embeddable":true,"href":"https:\/\/www.gneist.org\/pingvinlekene\/wp-json\/wp\/v2\/users\/1"}],"replies":[{"embeddable":true,"href":"https:\/\/www.gneist.org\/pingvinlekene\/wp-json\/wp\/v2\/comments?post=104"}],"version-history":[{"count":5,"href":"https:\/\/www.gneist.org\/pingvinlekene\/wp-json\/wp\/v2\/pages\/104\/revisions"}],"predecessor-version":[{"id":880,"href":"https:\/\/www.gneist.org\/pingvinlekene\/wp-json\/wp\/v2\/pages\/104\/revisions\/880"}],"wp:attachment":[{"href":"https:\/\/www.gneist.org\/pingvinlekene\/wp-json\/wp\/v2\/media?parent=104"}],"curies":[{"name":"wp","href":"https:\/\/api.w.org\/{rel}","templated":true}]}}